{"id":224,"date":"2022-01-25T08:50:51","date_gmt":"2022-01-25T11:50:51","guid":{"rendered":"http:\/\/new.aems.edu.br\/?page_id=224"},"modified":"2022-04-30T10:03:08","modified_gmt":"2022-04-30T13:03:08","slug":"rascunho-automatico-4","status":"publish","type":"page","link":"https:\/\/aems.edu.br\/?page_id=224","title":{"rendered":"Ouvidoria"},"content":{"rendered":"<div class=\"vce-row-container\"><div class=\"vce-row vce-element--has-background vce-row--col-gap-30 vce-row-equal-height vce-row-content--top vcv-state--show-resizer\" data-vce-full-width=\"true\" id=\"el-01518a5e\" data-vce-do-apply=\"all el-01518a5e\"><div class=\"vce-content-background-container\"><\/div><div class=\"vce-row-content\" data-vce-element-content=\"true\"><div class=\"vce-col vce-col--md-auto vce-col--xs-1 vce-col--xs-last vce-col--xs-first vce-col--sm-last vce-col--sm-first vce-col--md-last vce-col--lg-last vce-col--xl-last vce-col--md-first vce-col--lg-first vce-col--xl-first\" id=\"el-f729bcf9\"><div class=\"vce-col-inner\" data-vce-do-apply=\"border margin background  el-f729bcf9\"><div class=\"vce-content-background-container\"><\/div><div class=\"vce-col-content\" data-vce-element-content=\"true\" data-vce-do-apply=\"padding el-f729bcf9\"><div class=\"vce-raw-html\"><div class=\"vce-raw-html-wrapper\" id=\"el-fe5cff46\" data-vce-do-apply=\"all el-fe5cff46\"><div style=\"text-align : center;font-family : sans-serif\" class=\"alert alert-primary\" role=\"alert\">\n Se voc\u00ea possui alguma d\u00favida, cr\u00edtica ou sugest\u00e3o, preencha nosso formul\u00e1rio abaixo com seu e-mail corretamente para que possamos entrar em contato posteriormente.\n\n\n\n<\/div><\/div><\/div><\/div><\/div><\/div><\/div><\/div><\/div><div class=\"vce-row-container\"><div class=\"vce-row vce-row--has-col-background vce-element--has-background vce-row--col-gap-30 vce-row-equal-height vce-row-content--top vcv-state--show-resizer\" data-vce-full-width=\"true\" id=\"el-c460480b\" data-vce-do-apply=\"all el-c460480b\"><div class=\"vce-content-background-container\"><\/div><div class=\"vce-row-content\" data-vce-element-content=\"true\"><div class=\"vce-col vce-element--has-background vce-col--md-58p vce-col--xs-1 vce-col--xs-last vce-col--xs-first vce-col--sm-last vce-col--sm-first vce-col--md-first vce-col--lg-first vce-col--xl-first\" id=\"el-c7616082\"><div class=\"vce-col-inner\" data-vce-do-apply=\"border margin background  el-c7616082\" id=\"formContato\" vce-box-shadow=\"el-c7616082\"><div class=\"vce-content-background-container\"><\/div><div class=\"vce-col-content\" data-vce-element-content=\"true\" data-vce-do-apply=\"padding el-c7616082\"><div class=\"vce-text-block\"><div class=\"vce-text-block-wrapper vce\" id=\"el-747651c8\" data-vce-do-apply=\"all el-747651c8\"><\/div><\/div><div class=\"vce-text-block\"><div class=\"vce-text-block-wrapper vce\" id=\"el-f1dbb93e\" data-vce-do-apply=\"all el-f1dbb93e\"><h2 style=\"text-align: center; background-color: #58d68d;\"><span style=\"font-family: Montserrat; color: #ffffff;\">Contato<\/span><\/h2><br><p style=\"color: #777777; font-family: Lato, serif; font-size: 16px; font-weight: 400; text-align: center;\"><span style=\"font-family: Montserrat;\">N\u00f3s amamos feedback. Preencha o formul\u00e1rio e entraremos em contato o mais breve poss\u00edvel.<\/span><\/p><br><hr><\/div><\/div><div class=\"vce-raw-html\"><div class=\"vce-raw-html-wrapper\" id=\"el-c3a01bd0\" data-vce-do-apply=\"all el-c3a01bd0\"><script src=\"https:\/\/www.google.com\/recaptcha\/api.js\" async=\"\" defer=\"\"><\/script>\n<form id=\"formMail\" action=\"\" method=\"POST\">\n    <div class=\"form-group\">\n\n        <label style=\"color:#A6ACAF;font-size : 14px\" for=\"nome\"><span class=\"glyphicon glyphicon-user IconeForm pr-3\"><\/span> Nome completo ( Obrigat\u00f3rio )<\/label>\n        <div class=\"pb-5\">\n            <input type=\"text\" class=\"form-control\" name=\"nome\" id=\"nome\" placeholder=\"Nome\" required=\"\">\n        <\/div>\n\n\n\n        <label style=\"color:#A6ACAF;font-size:14px;\" ;=\"\" for=\"nomeSocial\"><span class=\"glyphicon glyphicon-pencil IconeForm pr-3\"><\/span> Nome social ( Opcional ) - Decreto\n            55.588\/2010<\/label>\n        <div class=\"pb-5\">\n            <input type=\"text\" class=\"form-control\" name=\"nomeSocial\" id=\"nomeSocial\" placeholder=\"Nome social\">\n\n        <\/div>\n\n\n\n\n\n        <label style=\"color:#A6ACAF;font-size:14px\" for=\"email\"><span class=\"glyphicon glyphicon-envelope IconeForm pr-3\"><\/span> Deixe seu email<\/label>\n        <div class=\"form-group pb-4\">\n\n            <input type=\"email\" class=\"form-control\" name=\"email\" id=\"email\" placeholder=\"Digite seu email\" required=\"\">\n        <\/div>\n\n\n        <div class=\"form-group pb-5\">\n            <label style=\"color:#A6ACAF;font-size:14px;\" for=\"tel\"><span class=\"glyphicon glyphicon-earphone IconeForm pr-3\"><\/span> Telefone<\/label>\n            <input type=\"tel\" class=\"form-control\" name=\"tel\" id=\"tel\" placeholder=\"Deixe seu n\u00famero de telefone\" required=\"\">\n        <\/div>\n\n\n<br>\n<hr>\n\t\t<br>\n\n        <label style=\"color :#E74C3C;font-family:sans-serif;font-size : 13px\">*Para qual setor voc\u00ea deseja fazer uma reclama\u00e7\u00e3o? (Obrigat\u00f3rio)<\/label>\n        <div class=\"pb-1\">\n            <select name=\"assunto\" class=\"form-select\">\n                <option>Selecione<\/option>\n                <option>Secret\u00e1ria<\/option>\n                <option>Biblioteca<\/option>\n                <option>Tesouraria<\/option>\n                <option>Extens\u00e3o<\/option>\n                <option>Coordena\u00e7\u00e3o<\/option>\n                <option>Diretoria<\/option>\n                <option>Outros<\/option>\n\n\n            <\/select>\n        <\/div>\n\n\n        <label style=\"color :#E74C3C;font-family:sans-serif;font-size : 13px\">*Qual o seu v\u00ednculo com a AEMS?? (Obrigat\u00f3rio)<\/label>\n        <div class=\"pb-1\">\n            <select name=\"opcVinc\" class=\"form-select\">\n                <option>Aluno<\/option>\n                <option>Ex-Aluno<\/option>\n                <option>Docente<\/option>\n                <option>Ex-Docente<\/option>\n                <option>M\u00e3e\/Pai de Aluno<\/option>\n                <option>P\u00fablico Externo<\/option>\n            <\/select>\n        <\/div>\n\t\t<br>\n<hr>\n\t\t<br>\n        <div>\n            <label for=\"exampleFormControlTextarea1\">Deixe abaixo sua mensagem.  At\u00e9 <span style=\"color:#FF5916;\">1000<\/span> caracteres<\/label>\n            <textarea class=\"form-control mb-5\" placeholder=\"Deixe aqui sua mensagem...\" name=\"msg\" id=\"exampleFormControlTextarea1\" rows=\"3\" maxlength=\"1000\"><\/textarea>\n\t\t\n        <\/div>\n\t\t\n\t\t<div class=\"g-recaptcha pb-5 w-25\" data-sitekey=\"6LcAyGofAAAAAAGfA-fHCG37aznQPqtBVPm9KJvn\"><\/div>\n\t\t\t<div style=\"margin-top:40px;\" id=\"msgErro1\"><\/div>\n\n        <div class=\"pb-3\">\n            <button type=\"button\" onclick=\"Javascript:sendMail();\" id=\"enviar_ouvidoria\" class=\"btn btn-block btn-success \">Enviar <i class=\"glyphicon glyphicon-send\"><\/i> <\/button>\n\n        <\/div>\n\n    <\/div>\n\n\n<\/form>\n<script>\n    function sendMail() {\n\n        var data1 = $('#formMail').serialize();\n\n\n        $.ajax({\n            url: \"\/email\/Email.php\",\n            type: 'POST',\n            data: data1,\n            timeout: 30000,\n\n\n            beforeSend: function() {\n\t\t\t\t$(\"#enviar_ouvidoria\").html('Enviando  <i style=\"font-size:13px;\" class=\"fa fa-spinner fa-spin fa-3x fa-fw\"><\/i>  ')\n\t\t\t\t$(\"#enviar_ouvidoria\").attr('disabled', true)\n\t\t\t\t$(\"#enviar_ouvidoria\").attr('readonly', true)\n            },\n            success: function(ret) {\n\t\t\t\tret = JSON.parse(ret);\n\t\t\t\t$(\"#enviar_ouvidoria\").html('Enviar <i class=\"glyphicon glyphicon-send\"><\/i> ')\n\t\t\t\t$(\"#enviar_ouvidoria\").attr('disabled', false)\n\t\t\t\t$(\"#enviar_ouvidoria\").attr('readonly', false)\n                if (ret.status == true) {\n\n                    console.log(ret)\n                    $('#msgErro1').html('<div class=\"alert alert-success\">' + ret.msg + '<\/div>');\n\n\n                } else {\n\t\t\t\t\t\t\n                    $('#msgErro1').html('<div class=\"alert alert-warning\">' + ret.msg + '<\/div>');\n                    console.log(ret)\n                }\n\n            },\n            error: function(ret) {\n\n            },\n            complete: function(data) {\n\n            }\n        });\n\n    }\n<\/script><\/div><\/div><\/div><\/div><\/div><div class=\"vce-col vce-col--md-42p vce-col--xs-1 vce-col--xs-last vce-col--xs-first vce-col--sm-last vce-col--sm-first vce-col--md-last vce-col--lg-last vce-col--xl-last\" id=\"el-4aa16748\"><div class=\"vce-col-inner\" data-vce-do-apply=\"border margin background  el-4aa16748\" id=\"ouvidoriaFormulario\"><div class=\"vce-content-background-container\"><\/div><div class=\"vce-col-content\" data-vce-element-content=\"true\" data-vce-do-apply=\"padding el-4aa16748\"><div class=\"vce-text-block\"><div class=\"vce-text-block-wrapper vce\" id=\"el-3c365106\" data-vce-do-apply=\"all el-3c365106\"><h3 style=\"text-align: center;\"><span style=\"color: #58d68d;\"><strong>ENDERE\u00c7O&nbsp; <\/strong><\/span><\/h3><p style=\"text-align: center;\">Av. J\u00falio Ferreira Xavier, 2750 - Distrito Industrial<strong>CEP 79.610-320 - Tr\u00eas Lagoas\/MS <\/strong><\/p><p style=\"text-align: center;\">Fone: (67) 2105-6060<\/p><hr><\/div><\/div><div class=\"vce-text-block\"><div class=\"vce-text-block-wrapper vce\" id=\"el-7a8aa0e5\" data-vce-do-apply=\"all el-7a8aa0e5\"><h3 style=\"text-align: center;\"><span style=\"color: #58d68d;\">LOCALIZA\u00c7\u00c3O<\/span><\/h3><\/div><\/div><div class=\"vce-google-maps vce-google-maps--align-center\"><div class=\"vce-google-maps-wrapper vce vce-google-maps-proportional\" id=\"el-f0432755\" data-vce-do-apply=\"all el-f0432755\" style=\"width: 350px; height: auto;\"><div class=\"vce-google-maps-inner\" style=\"padding-bottom: 100%;\"><iframe src=\"https:\/\/www.google.com\/maps\/embed?pb=!1m14!1m8!1m3!1d29840.84664183952!2d-51.668948!3d-20.787006!3m2!1i1024!2i768!4f13.1!3m3!1m2!1s0x0%3A0x9c334ac5aace2d9e!2sAEMS%20Associa%C3%A7%C3%A3o%20de%20Ensino%20e%20Cultura%20de%20Mato%20Grosso%20do%20Sul%20-%20Faculdades%20Integradas!5e0!3m2!1spt-BR!2sus!4v1645455188781!5m2!1spt-BR!2sus\" width=\"350\" height=\"350\" style=\"border: 0px; pointer-events: none;\" allowfullscreen=\"\" loading=\"lazy\"><\/iframe><\/div><\/div><\/div><\/div><\/div><\/div><\/div><\/div><\/div>\n","protected":false},"excerpt":{"rendered":"<p>Se voc\u00ea possui alguma d\u00favida, cr\u00edtica ou sugest\u00e3o, preencha nosso formul\u00e1rio abaixo com seu e-mail corretamente para que possamos entrar em contato posteriormente. ContatoN\u00f3s amamos feedback. Preencha o formul\u00e1rio e entraremos em contato o mais breve poss\u00edvel. Nome completo ( Obrigat\u00f3rio ) Nome social ( Opcional ) &#8211; Decreto 55.588\/2010 Deixe seu email Telefone *Para &hellip; <br \/><a href=\"https:\/\/aems.edu.br\/?page_id=224\" class=\"more-link\">Continue reading <span class=\"screen-reader-text\">Ouvidoria<\/span><\/a><\/p>\n","protected":false},"author":1,"featured_media":0,"parent":0,"menu_order":0,"comment_status":"closed","ping_status":"closed","template":"","meta":{"footnotes":""},"categories":[],"tags":[],"class_list":["post-224","page","type-page","status-publish","hentry"],"_links":{"self":[{"href":"https:\/\/aems.edu.br\/index.php?rest_route=\/wp\/v2\/pages\/224","targetHints":{"allow":["GET"]}}],"collection":[{"href":"https:\/\/aems.edu.br\/index.php?rest_route=\/wp\/v2\/pages"}],"about":[{"href":"https:\/\/aems.edu.br\/index.php?rest_route=\/wp\/v2\/types\/page"}],"author":[{"embeddable":true,"href":"https:\/\/aems.edu.br\/index.php?rest_route=\/wp\/v2\/users\/1"}],"replies":[{"embeddable":true,"href":"https:\/\/aems.edu.br\/index.php?rest_route=%2Fwp%2Fv2%2Fcomments&post=224"}],"version-history":[{"count":196,"href":"https:\/\/aems.edu.br\/index.php?rest_route=\/wp\/v2\/pages\/224\/revisions"}],"predecessor-version":[{"id":6663,"href":"https:\/\/aems.edu.br\/index.php?rest_route=\/wp\/v2\/pages\/224\/revisions\/6663"}],"wp:attachment":[{"href":"https:\/\/aems.edu.br\/index.php?rest_route=%2Fwp%2Fv2%2Fmedia&parent=224"}],"wp:term":[{"taxonomy":"category","embeddable":true,"href":"https:\/\/aems.edu.br\/index.php?rest_route=%2Fwp%2Fv2%2Fcategories&post=224"},{"taxonomy":"post_tag","embeddable":true,"href":"https:\/\/aems.edu.br\/index.php?rest_route=%2Fwp%2Fv2%2Ftags&post=224"}],"curies":[{"name":"wp","href":"https:\/\/api.w.org\/{rel}","templated":true}]}}