{"id":278,"date":"2022-01-25T09:04:09","date_gmt":"2022-01-25T12:04:09","guid":{"rendered":"http:\/\/new.aems.edu.br\/?page_id=278"},"modified":"2025-09-09T16:32:36","modified_gmt":"2025-09-09T19:32:36","slug":"rascunho-automatico-17","status":"publish","type":"page","link":"https:\/\/aems.edu.br\/?page_id=278","title":{"rendered":"Contato"},"content":{"rendered":"<div class=\"vce-row-container\"><div class=\"vce-row vce-element--has-background vce-row--col-gap-30 vce-row-equal-height vce-row-content--top\" data-vce-full-width=\"true\" id=\"el-7a80a8c6\" data-vce-do-apply=\"all el-7a80a8c6\"><div class=\"vce-content-background-container\"><\/div><div class=\"vce-row-content\" data-vce-element-content=\"true\"><div class=\"vce-col vce-col--md-auto vce-col--xs-1 vce-col--xs-last vce-col--xs-first vce-col--sm-last vce-col--sm-first vce-col--md-last vce-col--lg-last vce-col--xl-last vce-col--md-first vce-col--lg-first vce-col--xl-first\" id=\"el-a3ce6adc\"><div class=\"vce-col-inner\" data-vce-do-apply=\"border margin background  el-a3ce6adc\"><div class=\"vce-col-content\" data-vce-element-content=\"true\" data-vce-do-apply=\"padding el-a3ce6adc\"><div class=\"vce-raw-html\"><div class=\"vce-raw-html-wrapper\" id=\"el-d07a2028\" data-vce-do-apply=\"all el-d07a2028\"><div style=\"text-align : center;font-family : sans-serif\" class=\"alert alert-primary\" role=\"alert\">\n Se voc\u00ea possui alguma d\u00favida, cr\u00edtica ou sugest\u00e3o, preencha nosso formul\u00e1rio abaixo com seu e-mail corretamente para que possamos entrar em contato posteriormente.\n\n\n\n<\/div><\/div><\/div><\/div><\/div><\/div><\/div><\/div><\/div><div class=\"vce-row-container\"><div class=\"vce-row vce-element--has-background vce-row--col-gap-30 vce-row-equal-height vce-row-content--top\" data-vce-full-width=\"true\" id=\"el-c858523d\" data-vce-do-apply=\"all el-c858523d\"><div class=\"vce-content-background-container\"><\/div><div class=\"vce-row-content\" data-vce-element-content=\"true\"><div class=\"vce-col vce-col--xs-100p vce-col--xs-visible vce-col--xs-last vce-col--xs-first vce-col--sm-100p vce-col--sm-visible vce-col--sm-last vce-col--sm-first vce-col--md-66-66p vce-col--md-visible vce-col--md-first vce-col--lg-66-66p vce-col--lg-visible vce-col--lg-first vce-col--xl-52p vce-col--xl-visible vce-col--xl-first\" id=\"el-ba496ffc\"><div class=\"vce-col-inner\" data-vce-do-apply=\"border margin background  el-ba496ffc\" vce-box-shadow=\"el-ba496ffc\"><div class=\"vce-content-background-container\"><\/div><div class=\"vce-col-content\" data-vce-element-content=\"true\" data-vce-do-apply=\"padding el-ba496ffc\"><div class=\"vce-text-block\"><div class=\"vce-text-block-wrapper vce\" id=\"el-650cdf05\" data-vce-do-apply=\"all el-650cdf05\"><\/div><\/div><div class=\"vce-text-block\"><div class=\"vce-text-block-wrapper vce\" id=\"el-12be9f71\" data-vce-do-apply=\"all el-12be9f71\"><p style=\"color: #777777; font-family: Lato, serif; font-size: 16px; font-weight: 400; text-align: left; line-height: 1.75;\"><span style=\"font-family: Poppins; letter-spacing: 8px; font-size: 10pt;\">CONTATO<\/span><\/p>\n<p style=\"color: #777777; font-family: Lato, serif; font-size: 16px; font-weight: 400; text-align: left; line-height: 1.5;\"><span style=\"font-family: Poppins; font-weight: bold; font-style: normal; font-size: 24pt;\">OUVIDORIA<\/span><\/p>\n<p style=\"color: #777777; font-family: Lato, serif; font-size: 16px; font-weight: 400; text-align: left; line-height: 1.5;\"><span style=\"font-family: Poppins; font-size: 10pt;\">N\u00f3s amamos feedback. Preencha o formul\u00e1rio ao lado e entraremos em contato o mais breve poss\u00edvel.<\/span><\/p>\n<hr>\n<\/div><\/div><div class=\"vce-raw-html\"><div class=\"vce-raw-html-wrapper\" id=\"el-51a4843d\" data-vce-do-apply=\"all el-51a4843d\"><script src=\"https:\/\/www.google.com\/recaptcha\/api.js\" async=\"\" defer=\"\"><\/script>\n<form id=\"formMail\" action=\"\" method=\"POST\">\n    <div class=\"form-group\">\n\n        <label style=\"color: gray ;font-size : 12px\" for=\"nome\"><span class=\"glyphicon glyphicon-user IconeForm pr-3\"> <\/span>Nome completo ( Opcional )<\/label>\n        <div class=\"pb-5\">\n            <input type=\"text\" class=\"form-control\" name=\"nome\" id=\"nome\" placeholder=\"Nome\" required=\"\">\n        <\/div>\n\n\n\n       <label style=\"color: gray ;font-size : 12px\" for=\"nome\"><span class=\"glyphicon glyphicon-pencil IconeForm pr-3\"><\/span> Nome social ( Opcional ) - Decreto\n            55.588\/2010<\/label>\n        <div class=\"pb-5\">\n            <input type=\"text\" class=\"form-control\" name=\"nomeSocial\" id=\"nomeSocial\" placeholder=\"Nome social\">\n\n        <\/div>\n\n\n\n\n\n        <label style=\"color: gray ;font-size : 12px\" for=\"nome\"><span class=\"glyphicon glyphicon-envelope IconeForm pr-3\"><\/span> Deixe seu email<\/label>\n        <div class=\"form-group pb-4\">\n\n            <input type=\"email\" class=\"form-control\" name=\"email\" id=\"email\" placeholder=\"Digite seu email\" required=\"\">\n        <\/div>\n\n\n        <div class=\"form-group pb-5\">\n            <label style=\"color: gray ;font-size : 12px\" for=\"nome\"> Telefone<\/label>\n            <input type=\"tel\" class=\"form-control\" name=\"tel\" id=\"tel\" placeholder=\"Deixe seu n\u00famero de telefone\" required=\"\">\n        <\/div>\n\n\n<br>\n<hr>\n\t\t<br>\n\n        <label style=\"color: red ;font-size : 12px\" for=\"nome\">*Para qual setor voc\u00ea deseja fazer uma reclama\u00e7\u00e3o? (Obrigat\u00f3rio)<\/label>\n        <div class=\"pb-1\">\n            <select name=\"assunto\" class=\"form-select\">\n                <option>Selecione<\/option>\n                <option>Secretaria<\/option>\n                <option>Biblioteca<\/option>\n                <option>Tesouraria<\/option>\n                <option>Extens\u00e3o<\/option>\n                <option>Coordena\u00e7\u00e3o<\/option>\n                <option>Diretoria<\/option>\n\n\t\t\t\t<option>Ouvidoria<\/option>\n\n<option>CPA-Comiss\u00e3o Pr\u00f3pria de Avali\u00e7\u00e3o<\/option>\n\t\t\t\t<option>Outros<\/option>\n\n\n            <\/select>\n        <\/div>\n\n\n        <label style=\"color: red ;font-size : 12px\" for=\"nome\">*Qual o seu v\u00ednculo com a AEMS?? (Obrigat\u00f3rio)<\/label>\n        <div class=\"pb-1\">\n            <select name=\"opcVinc\" class=\"form-select\">\n                <option>Aluno<\/option>\n                <option>Ex-Aluno<\/option>\n                <option>Docente<\/option>\n                <option>Ex-Docente<\/option>\n                <option>M\u00e3e\/Pai de Aluno<\/option>\n                <option>P\u00fablico Externo<\/option>\n            <\/select>\n        <\/div>\n\t\t<br>\n<hr>\n\t\t<br>\n        <div>\n            <label style=\"color: gray ;font-size : 12px\" for=\"exampleFormControlTextarea1\">Deixe abaixo sua mensagem.  At\u00e9 <span style=\"color:#FF5916;\">1000<\/span> caracteres<\/label>\n            <textarea class=\"form-control mb-5\" placeholder=\"Deixe aqui sua mensagem...\" name=\"msg\" id=\"exampleFormControlTextarea1\" rows=\"3\" maxlength=\"1000\"><\/textarea>\n\t\t\n        <\/div>\n\t\t\n\t\t<div class=\"g-recaptcha pb-5 w-25\" data-sitekey=\"6LdsHsMfAAAAAC1Whi3mY-Gmr7ArOdbERthSBC-p\"><\/div>\n\t\t\t<div style=\"margin-top:40px;\" id=\"msgErro1\"><\/div>\n            \n\n        <div class=\"pb-3\">\n            <button type=\"button\" onclick=\"Javascript:sendMail();\" id=\"enviar_ouvidoria\" class=\"btn btn-block btn-success \">Enviar <i class=\"glyphicon glyphicon-send\"><\/i> <\/button>\n\n        <\/div>\n\n    <\/div>\n\n\n<\/form>\n<script>\n    function sendMail() {\n\n        var data1 = $('#formMail').serialize();\n\n\n        $.ajax({\n            url: \"\/email\/Email.php\",\n            type: 'POST',\n            data: data1,\n            timeout: 30000,\n\n\n            beforeSend: function() {\n\t\t\t\t$(\"#enviar_ouvidoria\").html('Enviando  <i style=\"font-size:13px;\" class=\"fa fa-spinner fa-spin fa-3x fa-fw\"><\/i>  ')\n\t\t\t\t$(\"#enviar_ouvidoria\").attr('disabled', true)\n\t\t\t\t$(\"#enviar_ouvidoria\").attr('readonly', true)\n            },\n            success: function(ret) {\n\t\t\t\tret = JSON.parse(ret);\n\t\t\t\t$(\"#enviar_ouvidoria\").html('Enviar <i class=\"glyphicon glyphicon-send\"><\/i> ')\n\t\t\t\t$(\"#enviar_ouvidoria\").attr('disabled', false)\n\t\t\t\t$(\"#enviar_ouvidoria\").attr('readonly', false)\n                if (ret.status == true) {\n\n                    console.log(ret)\n                    $('#msgErro1').html('<div class=\"alert alert-success\">' + ret.msg + '<\/div>');\n                    $('#formMail').trigger(\"reset\");\n\n\n                } else {\n\t\t\t\t\t\t\n                    $('#msgErro1').html('<div class=\"alert alert-warning\">' + ret.msg + '<\/div>');\n                    console.log(ret)\n                }\n\n            },\n            error: function(ret) {\n\n            },\n            complete: function(data) {\n\n            }\n        });\n\n    }\n<\/script><\/div><\/div><div class=\"vce-raw-html\"><div class=\"vce-raw-html-wrapper\" id=\"el-1b81d8cb\" data-vce-do-apply=\"all el-1b81d8cb\"><div class=\"row col-md-2 form-group\" style=\"margin-left:20px;\" id=\"msgErro1\"><\/div><\/div><\/div><div class=\"vce-raw-html\"><div class=\"vce-raw-html-wrapper\" id=\"el-3a4d6407\" data-vce-do-apply=\"all el-3a4d6407\"><\/div><\/div><\/div><\/div><\/div><div class=\"vce-col vce-col--xs-100p vce-col--xs-visible vce-col--xs-last vce-col--xs-first vce-col--sm-100p vce-col--sm-visible vce-col--sm-last vce-col--sm-first vce-col--md-33-34p vce-col--md-visible vce-col--md-last vce-col--lg-33-34p vce-col--lg-visible vce-col--lg-last vce-col--xl-48p vce-col--xl-visible vce-col--xl-last\" id=\"el-c8a492d1\"><div class=\"vce-col-inner\" data-vce-do-apply=\"border margin background  el-c8a492d1\"><div class=\"vce-content-background-container\"><\/div><div class=\"vce-col-content\" data-vce-element-content=\"true\" data-vce-do-apply=\"padding el-c8a492d1\"><div class=\"vce-text-block\"><div class=\"vce-text-block-wrapper vce\" id=\"el-a586f24e\" data-vce-do-apply=\"all el-a586f24e\"><p style=\"color: #777777; font-family: Lato, serif; font-size: 16px; font-weight: 400; text-align: left; line-height: 1.75;\"><span style=\"font-family: Poppins; letter-spacing: 8px; font-size: 10pt;\">VENHA NOS CONHECER<\/span><\/p>\n<p style=\"color: #777777; font-family: Lato, serif; font-size: 16px; font-weight: 400; text-align: left; line-height: 1.5;\"><span style=\"font-family: Poppins; font-weight: bold; font-style: normal; font-size: 24pt;\">ENDERE\u00c7O<\/span><\/p>\n<p style=\"color: #777777; font-family: Lato, serif; font-size: 16px; font-weight: 400; text-align: left; line-height: 1.5;\"><span style=\"font-family: Poppins; font-size: 10pt;\">Av. J\u00falio Ferreira Xavier, 2750 - Distrito Industrial<br>Tr\u00eas Lagoas - MS - CEP 79610-320<br>Fone : (67) 2105 6071<\/span><\/p>\n<p style=\"color: #777777; font-family: Lato, serif; font-size: 16px; font-weight: 400; text-align: left; line-height: 0.0;\"><span style=\"font-family: Poppins; font-size: 10pt;\">Whatsapp: (67) 2105 6060<\/span><\/p>\n<hr>\n<\/div><\/div><div class=\"vce-google-maps vce-google-maps--align-center\"><div class=\"vce-google-maps-wrapper vce vce-google-maps-proportional\" id=\"el-d4f66327\" data-vce-do-apply=\"all el-d4f66327\" style=\"width: 600px; height: auto;\"><div class=\"vce-google-maps-inner\" style=\"padding-bottom: 75%;\"><iframe src=\"https:\/\/www.google.com\/maps\/embed?pb=!1m14!1m8!1m3!1d1045.5172379026696!2d-51.669661752885084!3d-20.7870937499766!3m2!1i1024!2i768!4f13.1!3m3!1m2!1s0x9490a2912c4ac395%3A0x9c334ac5aace2d9e!2sAEMS%20Associa%C3%A7%C3%A3o%20de%20Ensino%20e%20Cultura%20de%20Mato%20Grosso%20do%20Sul%20-%20Faculdades%20Integradas!5e0!3m2!1spt-BR!2sbr!4v1710883623552!5m2!1spt-BR!2sbr\" width=\"600\" height=\"450\" style=\"border: 0px; pointer-events: none;\" allowfullscreen=\"\" loading=\"lazy\" referrerpolicy=\"no-referrer-when-downgrade\"><\/iframe><\/div><\/div><\/div><div class=\"vce-single-image-container vce-single-image--align-left\"><div class=\"vce vce-single-image-wrapper\" id=\"el-66440ee3\" data-vce-do-apply=\"all el-66440ee3\"><figure><div class=\"vce-single-image-figure-inner\" style=\"width: 123px;\"><a href=\"https:\/\/aems.edu.br\/wp-content\/uploads\/2025\/09\/e-mails-aems.pdf\" title=\"\" target=\"_blank\" class=\"vce-single-image-inner vce-single-image--absolute\" style=\"padding-bottom: 129.268%; width: 100%;\"><img decoding=\"async\" class=\"vce-single-image\" src=\"https:\/\/aems.edu.br\/wp-content\/uploads\/2025\/09\/mande-sua-duvida.jpg\" data-img-src=\"https:\/\/aems.edu.br\/wp-content\/uploads\/2025\/09\/mande-sua-duvida.jpg\" data-attachment-id=\"8663\" alt=\"\" title=\"mande sua d\u00favida\"><\/a><\/div><figcaption hidden=\"\"><\/figcaption><\/figure><\/div><\/div><\/div><\/div><\/div><div class=\"vce-col vce-col--xs-100p vce-col--xs-visible vce-col--xs-last vce-col--xs-first vce-col--sm-100p vce-col--sm-visible vce-col--sm-last vce-col--sm-first vce-col--md-33-34p vce-col--md-visible vce-col--md-last vce-col--md-first vce-col--lg-33-34p vce-col--lg-visible vce-col--lg-last vce-col--lg-first vce-col--xl-48p vce-col--xl-visible vce-col--xl-last vce-col--xl-first\" id=\"el-6598d0dd\"><div class=\"vce-col-inner\" data-vce-do-apply=\"border margin background  el-6598d0dd\" id=\"ouvidoriaFormulario\"><div class=\"vce-content-background-container\"><\/div><div class=\"vce-col-content\" data-vce-element-content=\"true\" data-vce-do-apply=\"padding el-6598d0dd\"><div class=\"vcv-row-control-wrapper\"><\/div><\/div><\/div><\/div><\/div><\/div><\/div><div class=\"vce-row-container\" data-vce-boxed-width=\"true\"><div class=\"vce-row vce-row--col-gap-30 vce-row-equal-height vce-row-content--top\" id=\"el-58cb3dd3\" data-vce-do-apply=\"all el-58cb3dd3\"><div class=\"vce-row-content\" data-vce-element-content=\"true\"><div class=\"vce-col vce-col--md-auto vce-col--xs-1 vce-col--xs-last vce-col--xs-first vce-col--sm-last vce-col--sm-first vce-col--md-last vce-col--lg-last vce-col--xl-last vce-col--md-first vce-col--lg-first vce-col--xl-first\" id=\"el-d6924279\"><div class=\"vce-col-inner\" data-vce-do-apply=\"border margin background  el-d6924279\"><div class=\"vce-col-content\" data-vce-element-content=\"true\" data-vce-do-apply=\"padding el-d6924279\"><div class=\"vcv-row-control-wrapper\"><\/div><\/div><\/div><\/div><\/div><\/div><\/div><div class=\"vce-row-container\" data-vce-boxed-width=\"true\"><div class=\"vce-row vce-row--col-gap-30 vce-row-equal-height vce-row-content--top\" id=\"el-0a5e418a\" data-vce-do-apply=\"all el-0a5e418a\"><div class=\"vce-row-content\" data-vce-element-content=\"true\"><div class=\"vce-col vce-col--md-auto vce-col--xs-1 vce-col--xs-last vce-col--xs-first vce-col--sm-last vce-col--sm-first vce-col--md-last vce-col--lg-last vce-col--xl-last vce-col--md-first vce-col--lg-first vce-col--xl-first\" id=\"el-53dad48b\"><div class=\"vce-col-inner\" data-vce-do-apply=\"border margin background  el-53dad48b\"><div class=\"vce-col-content\" data-vce-element-content=\"true\" data-vce-do-apply=\"padding el-53dad48b\"><div class=\"vce vce-content-slider vce-content-slider-arrows-show vce-content-slider--has-arrows\" id=\"el-dd802cf1\" data-vce-do-apply=\"all el-dd802cf1\" data-vce-slick-effect=\"slide\" data-vce-slick-autoplay=\"false\"><div class=\"vce-content-slider-inner\"><div class=\"vce-content-slider-slides vce-icon--size-medium slick-initialized slick-slider\"><div class=\"vce-content-slider-arrow vce-content-slider-arrows-color--D8D8D8 vce-content-slider-arrows-color-hover--B5B5B5 vce-content-slider-prev-arrow slick-arrow\" style=\"\"><span class=\"vcv-ui-icon-material vcv-ui-icon-material-navigate_before\"><\/span><\/div><div class=\"slick-list draggable\" style=\"height: 80px;\"><div class=\"slick-track\" style=\"width: 8260px; transform: translate3d(-1180px, 0px, 0px); opacity: 1;\"><div class=\"vce-content-slide vc-slick-item vce-content-slide-background-color--empty vce-content-slide-background-hover-color--empty slick-slide slick-cloned\" id=\"clone-el-055518ca-1757445520640\" data-vce-slick-slider-id=\"el-dd802cf1\" style=\"width: 1180px;\" tabindex=\"-1\" data-slick-index=\"-1\" aria-hidden=\"true\"><div class=\"vce-content-slide-inner\" data-vce-do-apply=\"all el-055518ca\"><div class=\"vcv-row-control-wrapper\"><\/div><\/div><\/div><div class=\"vce-content-slide vc-slick-item vce-content-slide-background-color--empty vce-content-slide-background-hover-color--empty slick-slide slick-current slick-active\" id=\"el-60a23a3a\" data-vce-slick-slider-id=\"el-dd802cf1\" style=\"width: 1180px;\" data-slick-index=\"0\" aria-hidden=\"false\"><div class=\"vce-content-slide-inner\" data-vce-do-apply=\"all el-60a23a3a\"><div class=\"vcv-row-control-wrapper\"><\/div><\/div><\/div><div class=\"vce-content-slide vc-slick-item vce-content-slide-background-color--empty vce-content-slide-background-hover-color--empty slick-slide\" id=\"el-9bcc38ce\" data-vce-slick-slider-id=\"el-dd802cf1\" style=\"width: 1180px;\" tabindex=\"-1\" data-slick-index=\"1\" aria-hidden=\"true\"><div class=\"vce-content-slide-inner\" data-vce-do-apply=\"all el-9bcc38ce\"><div class=\"vcv-row-control-wrapper\"><\/div><\/div><\/div><div class=\"vce-content-slide vc-slick-item vce-content-slide-background-color--empty vce-content-slide-background-hover-color--empty slick-slide\" id=\"el-055518ca\" data-vce-slick-slider-id=\"el-dd802cf1\" style=\"width: 1180px;\" tabindex=\"-1\" data-slick-index=\"2\" aria-hidden=\"true\"><div class=\"vce-content-slide-inner\" data-vce-do-apply=\"all el-055518ca\"><div class=\"vcv-row-control-wrapper\"><\/div><\/div><\/div><div class=\"vce-content-slide vc-slick-item vce-content-slide-background-color--empty vce-content-slide-background-hover-color--empty slick-slide slick-cloned\" id=\"clone-el-60a23a3a-1757445520640\" data-vce-slick-slider-id=\"el-dd802cf1\" style=\"width: 1180px;\" data-slick-index=\"3\" aria-hidden=\"true\"><div class=\"vce-content-slide-inner\" data-vce-do-apply=\"all el-60a23a3a\"><div class=\"vcv-row-control-wrapper\"><\/div><\/div><\/div><div class=\"vce-content-slide vc-slick-item vce-content-slide-background-color--empty vce-content-slide-background-hover-color--empty slick-slide slick-cloned\" id=\"clone-el-9bcc38ce-1757445520641\" data-vce-slick-slider-id=\"el-dd802cf1\" style=\"width: 1180px;\" tabindex=\"-1\" data-slick-index=\"4\" aria-hidden=\"true\"><div class=\"vce-content-slide-inner\" data-vce-do-apply=\"all el-9bcc38ce\"><div class=\"vcv-row-control-wrapper\"><\/div><\/div><\/div><div class=\"vce-content-slide vc-slick-item vce-content-slide-background-color--empty vce-content-slide-background-hover-color--empty slick-slide slick-cloned\" id=\"clone-el-055518ca-1757445520641\" data-vce-slick-slider-id=\"el-dd802cf1\" style=\"width: 1180px;\" tabindex=\"-1\" data-slick-index=\"5\" aria-hidden=\"true\"><div class=\"vce-content-slide-inner\" data-vce-do-apply=\"all el-055518ca\"><div class=\"vcv-row-control-wrapper\"><\/div><\/div><\/div><\/div><\/div><div class=\"vce-content-slider-arrow vce-content-slider-arrows-color--D8D8D8 vce-content-slider-arrows-color-hover--B5B5B5 vce-content-slider-next-arrow slick-arrow\" style=\"\"><span class=\"vcv-ui-icon-material vcv-ui-icon-material-navigate_next\"><\/span><\/div><\/div><\/div><\/div><\/div><\/div><\/div><\/div><\/div><\/div>","protected":false},"excerpt":{"rendered":"<p>Se voc\u00ea possui alguma d\u00favida, cr\u00edtica ou sugest\u00e3o, preencha nosso formul\u00e1rio abaixo com seu e-mail corretamente para que possamos entrar em contato posteriormente. CONTATO OUVIDORIA N\u00f3s amamos feedback. Preencha o formul\u00e1rio ao lado e entraremos em contato o mais breve poss\u00edvel. Nome completo ( Opcional ) Nome social ( Opcional ) &#8211; Decreto 55.588\/2010 Deixe &hellip; <br \/><a href=\"https:\/\/aems.edu.br\/?page_id=278\" class=\"more-link\">Continue reading <span class=\"screen-reader-text\">Contato<\/span><\/a><\/p>\n","protected":false},"author":1,"featured_media":0,"parent":0,"menu_order":0,"comment_status":"closed","ping_status":"closed","template":"","meta":{"footnotes":""},"categories":[],"tags":[],"class_list":["post-278","page","type-page","status-publish","hentry"],"_links":{"self":[{"href":"https:\/\/aems.edu.br\/index.php?rest_route=\/wp\/v2\/pages\/278","targetHints":{"allow":["GET"]}}],"collection":[{"href":"https:\/\/aems.edu.br\/index.php?rest_route=\/wp\/v2\/pages"}],"about":[{"href":"https:\/\/aems.edu.br\/index.php?rest_route=\/wp\/v2\/types\/page"}],"author":[{"embeddable":true,"href":"https:\/\/aems.edu.br\/index.php?rest_route=\/wp\/v2\/users\/1"}],"replies":[{"embeddable":true,"href":"https:\/\/aems.edu.br\/index.php?rest_route=%2Fwp%2Fv2%2Fcomments&post=278"}],"version-history":[{"count":190,"href":"https:\/\/aems.edu.br\/index.php?rest_route=\/wp\/v2\/pages\/278\/revisions"}],"predecessor-version":[{"id":8670,"href":"https:\/\/aems.edu.br\/index.php?rest_route=\/wp\/v2\/pages\/278\/revisions\/8670"}],"wp:attachment":[{"href":"https:\/\/aems.edu.br\/index.php?rest_route=%2Fwp%2Fv2%2Fmedia&parent=278"}],"wp:term":[{"taxonomy":"category","embeddable":true,"href":"https:\/\/aems.edu.br\/index.php?rest_route=%2Fwp%2Fv2%2Fcategories&post=278"},{"taxonomy":"post_tag","embeddable":true,"href":"https:\/\/aems.edu.br\/index.php?rest_route=%2Fwp%2Fv2%2Ftags&post=278"}],"curies":[{"name":"wp","href":"https:\/\/api.w.org\/{rel}","templated":true}]}}