{"id":3695,"date":"2022-02-25T09:39:07","date_gmt":"2022-02-25T12:39:07","guid":{"rendered":"http:\/\/new.aems.edu.br\/?page_id=3695"},"modified":"2024-02-08T09:52:45","modified_gmt":"2024-02-08T12:52:45","slug":"rascunho-automatico-106","status":"publish","type":"page","link":"https:\/\/aems.edu.br\/?page_id=3695","title":{"rendered":"Revistas Eletr\u00f4nicas"},"content":{"rendered":"<div class=\"vce-row-container\"><div class=\"vce-row vce-row--col-gap-30 vce-row-equal-height vce-row-content--top\" data-vce-full-width=\"true\" id=\"el-a13c0401\" data-vce-do-apply=\"all el-a13c0401\"><div class=\"vce-content-background-container\"><\/div><div class=\"vce-row-content\" data-vce-element-content=\"true\"><div class=\"vce-col vce-col--md-auto vce-col--xs-1 vce-col--xs-last vce-col--xs-first vce-col--sm-last vce-col--sm-first vce-col--md-last vce-col--lg-last vce-col--xl-last vce-col--md-first vce-col--lg-first vce-col--xl-first\" id=\"el-ef4527bd\"><div class=\"vce-col-inner\" data-vce-do-apply=\"border margin background  el-ef4527bd\"><div class=\"vce-content-background-container\"><\/div><div class=\"vce-col-content\" data-vce-element-content=\"true\" data-vce-do-apply=\"padding el-ef4527bd\"><div class=\"vce-google-fonts-heading vce-google-fonts-heading--align-center vce-google-fonts-heading--color-b-26-82-118--45--5C00FF--FF7200 vce-google-fonts-heading--font-family-Montserrat\"><div class=\"vce-google-fonts-heading-wrapper\"><div class=\"vce-google-fonts-heading--background vce\" id=\"el-53a8c038\" data-vce-do-apply=\"border background  padding margin el-53a8c038\"><h2 class=\"vce-google-fonts-heading-inner\" style=\"line-height: 2; letter-spacing: 5px; font-weight: 900; font-style: normal;\">Revistas Eletr\u00f4nicas<\/h2><\/div><\/div><\/div><\/div><\/div><\/div><\/div><\/div><\/div><div class=\"vce-row-container\"><div class=\"vce-row vce-row--col-gap-30 vce-row-equal-height vce-row-content--top\" data-vce-full-width=\"true\" id=\"el-828990a0\" data-vce-do-apply=\"all el-828990a0\"><div class=\"vce-content-background-container\"><\/div><div class=\"vce-row-content\" data-vce-element-content=\"true\"><div class=\"vce-col vce-col--md-auto vce-col--xs-1 vce-col--xs-last vce-col--xs-first vce-col--sm-last vce-col--sm-first vce-col--md-last vce-col--lg-last vce-col--xl-last vce-col--md-first vce-col--lg-first vce-col--xl-first\" id=\"el-5027f9b4\"><div class=\"vce-col-inner\" data-vce-do-apply=\"border margin background  el-5027f9b4\"><div class=\"vce-col-content\" data-vce-element-content=\"true\" data-vce-do-apply=\"padding el-5027f9b4\"><div class=\"vce vce-separator-container vce-separator--align-center vce-separator--style-solid\" id=\"el-c8e85998\" data-vce-do-apply=\"margin el-c8e85998\"><div class=\"vce-separator vce-separator--color-b-237-237-237 vce-separator--width-100 vce-separator--thickness-2\" data-vce-do-apply=\"border padding background  el-c8e85998\"><\/div><\/div><\/div><\/div><\/div><\/div><\/div><\/div><div class=\"vce-row-container\"><div class=\"vce-row vce-element--has-background vce-row--col-gap-30 vce-row-equal-height vce-row-content--top\" data-vce-full-width=\"true\" id=\"el-e79da29f\" data-vce-do-apply=\"all el-e79da29f\"><div class=\"vce-content-background-container\"><\/div><div class=\"vce-row-content\" data-vce-element-content=\"true\"><div class=\"vce-col vce-col--md-30p vce-col--xs-1 vce-col--xs-last vce-col--xs-first vce-col--sm-last vce-col--sm-first vce-col--md-first vce-col--lg-first vce-col--xl-first\" id=\"el-53956d9a\"><div class=\"vce-col-inner\" data-vce-do-apply=\"border margin background  el-53956d9a\"><div class=\"vce-content-background-container\"><\/div><div class=\"vce-col-content\" data-vce-element-content=\"true\" data-vce-do-apply=\"padding el-53956d9a\"><div class=\"vce-single-image-container vce-single-image--align-center\"><div class=\"vce vce-single-image-wrapper\" id=\"el-54fb3c5c\" data-vce-do-apply=\"all el-54fb3c5c\"><figure><a href=\"http:\/\/revistaconexao.aems.edu.br\/\" title=\"Revista Conex\u00e3o Eletr\u00f4nica\" target=\"_blank\" class=\"vce-single-image-inner vce-single-image--absolute\" rel=\"noopener\"><img loading=\"lazy\" decoding=\"async\" class=\"vce-single-image vcv-lozad\" data-src=\"https:\/\/new.aems.edu.br\/wp-content\/uploads\/2022\/02\/Revista-Conexao-Eletronica.png\" width=\"0\" height=\"0\" src=\"\" data-img-src=\"http:\/\/new.aems.edu.br\/wp-content\/uploads\/2022\/02\/Revista-Conexao-Eletronica.png\" alt=\"\" title=\"Revista Conex\u00e3o Eletr\u00f4nica\" \/><noscript>\n        <img loading=\"lazy\" decoding=\"async\" class=\"vce-single-image\" src=\"http:\/\/new.aems.edu.br\/wp-content\/uploads\/2022\/02\/Revista-Conexao-Eletronica.png\" width=\"0\" height=\"0\" alt=\"\" title=\"Revista Conex\u00e3o Eletr\u00f4nica\" \/>\n      <\/noscript><\/a><figcaption hidden=\"\"><\/figcaption><\/figure><\/div><\/div><div class=\"vce-button--style-basic-container vce-button--style-basic-container--align-center\"><span class=\"vce-button--style-basic-wrapper vce\" id=\"el-d67165ec\" data-vce-do-apply=\"margin el-d67165ec\"><a class=\"vce-button--style-basic vce-button--style-basic--border-round vce-button--style-basic--size-medium vce-button--style-basic--color-b-33-97-140--fff\" href=\"https:\/\/revistaconexao.aems.edu.br\/\" title=\"\" data-vce-do-apply=\"padding border background  el-d67165ec\">Visualizar<\/a><\/span><\/div><\/div><\/div><\/div><div class=\"vce-col vce-col--md-70p vce-col--xs-1 vce-col--xs-last vce-col--xs-first vce-col--sm-last vce-col--sm-first vce-col--md-last vce-col--lg-last vce-col--xl-last\" id=\"el-b6540587\"><div class=\"vce-col-inner\" data-vce-do-apply=\"border margin background  el-b6540587\"><div class=\"vce-content-background-container\"><\/div><div class=\"vce-col-content\" data-vce-element-content=\"true\" data-vce-do-apply=\"padding el-b6540587\"><div class=\"vce-text-block\"><div class=\"vce-text-block-wrapper vce\" id=\"el-890c337d\" data-vce-do-apply=\"all el-890c337d\"><p style=\"text-align: center;\"><span style=\"color: #333333;\"><strong><span style=\"font-family: Montserrat;\">ISSN 2316-6665<\/span><\/strong><\/span><\/p><p style=\"text-align: center;\"><span style=\"color: #333333;\"><strong><span style=\"font-family: Montserrat;\">Esta edi\u00e7\u00e3o da Revista Conex\u00e3o Eletr\u00f4nica firmou como ve\u00edculo de divulga\u00e7\u00e3o os trabalhos cient\u00edficos desenvolvidos no \u00e2mbito das Faculdades Integradas de Tr\u00eas Lagoas. Como atividade representativa dos trabalhos de inicia\u00e7\u00e3o cient\u00edfica e pesquisa, de acad\u00eamicos e professores, demonstra algumas das linhas pedag\u00f3gicas dos cursos.<\/span><\/strong><\/span><\/p><p style=\"text-align: center;\"><span style=\"color: #333333;\"><strong><span style=\"font-family: Montserrat;\">Em respeito \u00e0 sua miss\u00e3o de est\u00edmulo \u00e0 pesquisa e de dissemina\u00e7\u00e3o do conhecimento cient\u00edfico em prol do desenvolvimento regional, as Faculdades Integradas de Tr\u00eas Lagoas, mantidas pela AEMS, \u2013 Associa\u00e7\u00e3o de Ensino e Cultura de Mato Grosso do Sul, mant\u00e9m a sua tradi\u00e7\u00e3o de ensino de superior qualidade<span style=\"color: #333333;\"><span style=\"font-family: Montserrat;\">.<\/span><\/span><\/span><\/strong><\/span><\/p><p style=\"text-align: center;\"><span style=\"color: #333333;\"><strong><span style=\"font-family: Montserrat;\">Assim, mais uma vez temos a honra de oferecer ao p\u00fablico um conjunto de textos elaborados com rigor metodol\u00f3gico, os quais refletem a preocupa\u00e7\u00e3o humana e social de nossos pares.<\/span><\/strong><\/span><\/p><p style=\"text-align: center;\"><span style=\"color: #21618c;\"><strong><span style=\"font-family: Montserrat;\">Dr. Edmo Gabriel<\/span><\/strong><\/span><br><span style=\"color: #21618c;\"><strong><span style=\"font-family: Montserrat;\">Diretor Acad\u00eamico<\/span><\/strong><\/span><\/p><\/div><\/div><\/div><\/div><\/div><\/div><\/div><\/div><div class=\"vce-row-container\"><div class=\"vce-row vce-element--has-background vce-row--col-gap-30 vce-row-equal-height vce-row-content--top vcv-state--show-resizer\" data-vce-full-width=\"true\" id=\"el-12036c13\" data-vce-do-apply=\"all el-12036c13\"><div class=\"vce-content-background-container\"><\/div><div class=\"vce-row-content\" data-vce-element-content=\"true\"><div class=\"vce-col vce-col--md-30p vce-col--xs-1 vce-col--xs-last vce-col--xs-first vce-col--sm-last vce-col--sm-first vce-col--md-first vce-col--lg-first vce-col--xl-first\" id=\"el-081b5c90\"><div class=\"vce-col-inner\" data-vce-do-apply=\"border margin background  el-081b5c90\"><div class=\"vce-content-background-container\"><\/div><div class=\"vce-col-content\" data-vce-element-content=\"true\" data-vce-do-apply=\"padding el-081b5c90\"><div class=\"vce-single-image-container vce-single-image--align-center\"><div class=\"vce vce-single-image-wrapper\" id=\"el-d985b87b\" data-vce-do-apply=\"all el-d985b87b\"><figure><a href=\"http:\/\/revistadireito.aems.edu.br\/\" title=\"Revista Direito Aems\" target=\"_blank\" class=\"vce-single-image-inner vce-single-image--absolute\" rel=\"noopener\"><img loading=\"lazy\" decoding=\"async\" class=\"vce-single-image vcv-lozad\" data-src=\"https:\/\/new.aems.edu.br\/wp-content\/uploads\/2022\/02\/Revista-Direito-e-Sociedade.png\" width=\"0\" height=\"0\" src=\"\" data-img-src=\"http:\/\/new.aems.edu.br\/wp-content\/uploads\/2022\/02\/Revista-Direito-e-Sociedade.png\" alt=\"\" title=\"Revista Direito e Sociedade\" \/><noscript>\n        <img loading=\"lazy\" decoding=\"async\" class=\"vce-single-image\" src=\"http:\/\/new.aems.edu.br\/wp-content\/uploads\/2022\/02\/Revista-Direito-e-Sociedade.png\" width=\"0\" height=\"0\" alt=\"\" title=\"Revista Direito e Sociedade\" \/>\n      <\/noscript><\/a><figcaption hidden=\"\"><\/figcaption><\/figure><\/div><\/div><div class=\"vce-button--style-basic-container vce-button--style-basic-container--align-center\"><span class=\"vce-button--style-basic-wrapper vce\" id=\"el-5df9cabb\" data-vce-do-apply=\"margin el-5df9cabb\"><a class=\"vce-button--style-basic vce-button--style-basic--border-round vce-button--style-basic--size-medium vce-button--style-basic--color-b-33-97-140--fff\" href=\"https:\/\/revistadireito.aems.edu.br\" title=\"\" data-vce-do-apply=\"padding border background  el-5df9cabb\">Visualizar<\/a><\/span><\/div><\/div><\/div><\/div><div class=\"vce-col vce-col--md-70p vce-col--xs-1 vce-col--xs-last vce-col--xs-first vce-col--sm-last vce-col--sm-first vce-col--md-last vce-col--lg-last vce-col--xl-last\" id=\"el-a06d619c\"><div class=\"vce-col-inner\" data-vce-do-apply=\"border margin background  el-a06d619c\"><div class=\"vce-content-background-container\"><\/div><div class=\"vce-col-content\" data-vce-element-content=\"true\" data-vce-do-apply=\"padding el-a06d619c\"><div class=\"vce-text-block\"><div class=\"vce-text-block-wrapper vce\" id=\"el-29598346\" data-vce-do-apply=\"all el-29598346\"><p style=\"margin-bottom: 10px; color: #333333; font-family: 'Helvetica Neue', Helvetica, Arial, sans-serif; font-size: 14px; text-align: center;\"><strong><span style=\"color: #333333; font-family: Montserrat;\"><span style=\"font-size: 14px;\">ISSN 2318-2431<\/span><\/span><\/strong><\/p><p style=\"margin-bottom: 10px; color: #333333; font-family: 'Helvetica Neue', Helvetica, Arial, sans-serif; font-size: 14px; text-align: center;\"><strong><span style=\"color: #333333; font-family: Montserrat;\"><span style=\"font-size: 14px;\">&nbsp;<\/span><\/span><\/strong><\/p><p style=\"margin-bottom: 10px; color: #333333; font-family: 'Helvetica Neue', Helvetica, Arial, sans-serif; font-size: 14px; text-align: center;\"><strong><span style=\"color: #333333; font-family: Montserrat;\"><span style=\"font-size: 14px;\">Esta edi\u00e7\u00e3o da Revistas Direito e Sociedade Publica\u00e7\u00f5es privilegiou a publica\u00e7\u00e3o de artigos elaborados por alunos do Curso de Direito das Faculdades Integradas de Tr\u00eas Lagoas, mantida pela Associa\u00e7\u00e3o de Ensino e Cultura de Mato Grosso do Sul e representa importante momento de amadurecimento da inicia\u00e7\u00e3o cient\u00edfica desta Institui\u00e7\u00e3o. Aliada a esta publica\u00e7\u00e3o, ressalte-se a realiza\u00e7\u00e3o do ECEAEMS, Encontro Cient\u00edficos dos Estudantes da AEMS.<\/span><\/span><\/strong><\/p><p style=\"margin-bottom: 10px; color: #333333; font-family: 'Helvetica Neue', Helvetica, Arial, sans-serif; font-size: 14px; text-align: center;\"><strong><span style=\"color: #333333; font-family: Montserrat;\"><span style=\"font-size: 14px;\">&nbsp;<\/span><\/span><\/strong><\/p><p style=\"margin-bottom: 10px; color: #333333; font-family: 'Helvetica Neue', Helvetica, Arial, sans-serif; font-size: 14px; text-align: center;\"><strong><span style=\"color: #333333; font-family: Montserrat;\"><span style=\"font-size: 14px;\">Segue-se assim a nova proposta pedag\u00f3gica, voltada para a maior participa\u00e7\u00e3o ativa dos acad\u00eamicos, em conson\u00e2ncia com um dos pilares da Carta das Na\u00e7\u00f5es Unidas para a Educa\u00e7\u00e3o, que recomenda a \u00eanfase na habilidade de aprender a aprender. Coerente com o projeto pedag\u00f3gico do Curso e da Institui\u00e7\u00e3o,foram apresentados artigos sobre fun\u00e7\u00e3o social do direito, publicidade enganosa, justi\u00e7a terap\u00eautica, a responsabilidade civil ambiental e neoconstitucionalismo na justi\u00e7a brasileira.<\/span><\/span><\/strong><\/p><p style=\"margin-bottom: 10px; color: #333333; font-family: 'Helvetica Neue', Helvetica, Arial, sans-serif; font-size: 14px; text-align: center;\"><strong><span style=\"color: #333333; font-family: Montserrat;\"><span style=\"font-size: 14px;\">&nbsp;<\/span><\/span><\/strong><\/p><p style=\"margin-bottom: 10px; color: #333333; font-family: 'Helvetica Neue', Helvetica, Arial, sans-serif; font-size: 14px; text-align: center;\"><strong><span style=\"color: #333333; font-family: Montserrat;\"><span style=\"font-size: 14px;\">Portanto, em mais uma oportunidade os Acad\u00eamicos do Curso de Direito demonstram seus primeiros passos na investiga\u00e7\u00e3o cient\u00edfica e o fazem em artigos relacionados a quest\u00f5es locais e nacionais, fato que contribui para demonstrar o compromisso social desta Comunidade Acad\u00eamica.<\/span><\/span><\/strong><\/p><p style=\"margin-bottom: 10px; color: #333333; font-family: 'Helvetica Neue', Helvetica, Arial, sans-serif; font-size: 14px; text-align: center;\"><strong><span style=\"color: #333333; font-family: Montserrat;\"><span style=\"font-size: 14px;\">&nbsp;<\/span><\/span><\/strong><\/p><p style=\"margin-bottom: 10px; color: #333333; font-family: 'Helvetica Neue', Helvetica, Arial, sans-serif; font-size: 14px; text-align: center;\"><span style=\"color: #21618c;\"><strong><span style=\"font-family: Montserrat;\"><span style=\"font-size: 14px;\">Dr. Edmo Gabriel<\/span><\/span><\/strong><\/span><\/p><p style=\"margin-bottom: 10px; color: #333333; font-family: 'Helvetica Neue', Helvetica, Arial, sans-serif; font-size: 14px; text-align: center;\"><span style=\"color: #21618c;\"><strong><span style=\"font-family: Montserrat;\"><span style=\"font-size: 14px;\">Diretor Acad\u00eamico<\/span><\/span><\/strong><\/span><\/p><\/div><\/div><\/div><\/div><\/div><\/div><\/div><\/div>\n","protected":false},"excerpt":{"rendered":"<p>Revistas Eletr\u00f4nicas VisualizarISSN 2316-6665Esta edi\u00e7\u00e3o da Revista Conex\u00e3o Eletr\u00f4nica firmou como ve\u00edculo de divulga\u00e7\u00e3o os trabalhos cient\u00edficos desenvolvidos no \u00e2mbito das Faculdades Integradas de Tr\u00eas Lagoas. Como atividade representativa dos trabalhos de inicia\u00e7\u00e3o cient\u00edfica e pesquisa, de acad\u00eamicos e professores, demonstra algumas das linhas pedag\u00f3gicas dos cursos.Em respeito \u00e0 sua miss\u00e3o de est\u00edmulo \u00e0 pesquisa &hellip; <br \/><a href=\"https:\/\/aems.edu.br\/?page_id=3695\" class=\"more-link\">Continue reading <span class=\"screen-reader-text\">Revistas Eletr\u00f4nicas<\/span><\/a><\/p>\n","protected":false},"author":1,"featured_media":3698,"parent":0,"menu_order":0,"comment_status":"closed","ping_status":"closed","template":"","meta":{"footnotes":""},"categories":[],"tags":[],"class_list":["post-3695","page","type-page","status-publish","has-post-thumbnail","hentry"],"_links":{"self":[{"href":"https:\/\/aems.edu.br\/index.php?rest_route=\/wp\/v2\/pages\/3695","targetHints":{"allow":["GET"]}}],"collection":[{"href":"https:\/\/aems.edu.br\/index.php?rest_route=\/wp\/v2\/pages"}],"about":[{"href":"https:\/\/aems.edu.br\/index.php?rest_route=\/wp\/v2\/types\/page"}],"author":[{"embeddable":true,"href":"https:\/\/aems.edu.br\/index.php?rest_route=\/wp\/v2\/users\/1"}],"replies":[{"embeddable":true,"href":"https:\/\/aems.edu.br\/index.php?rest_route=%2Fwp%2Fv2%2Fcomments&post=3695"}],"version-history":[{"count":69,"href":"https:\/\/aems.edu.br\/index.php?rest_route=\/wp\/v2\/pages\/3695\/revisions"}],"predecessor-version":[{"id":7979,"href":"https:\/\/aems.edu.br\/index.php?rest_route=\/wp\/v2\/pages\/3695\/revisions\/7979"}],"wp:featuredmedia":[{"embeddable":true,"href":"https:\/\/aems.edu.br\/index.php?rest_route=\/wp\/v2\/media\/3698"}],"wp:attachment":[{"href":"https:\/\/aems.edu.br\/index.php?rest_route=%2Fwp%2Fv2%2Fmedia&parent=3695"}],"wp:term":[{"taxonomy":"category","embeddable":true,"href":"https:\/\/aems.edu.br\/index.php?rest_route=%2Fwp%2Fv2%2Fcategories&post=3695"},{"taxonomy":"post_tag","embeddable":true,"href":"https:\/\/aems.edu.br\/index.php?rest_route=%2Fwp%2Fv2%2Ftags&post=3695"}],"curies":[{"name":"wp","href":"https:\/\/api.w.org\/{rel}","templated":true}]}}