{"id":7860,"date":"2023-08-28T20:06:06","date_gmt":"2023-08-28T23:06:06","guid":{"rendered":"https:\/\/aems.edu.br\/?page_id=7860"},"modified":"2026-03-20T16:47:28","modified_gmt":"2026-03-20T19:47:28","slug":"portaria-normativa-2","status":"publish","type":"page","link":"https:\/\/aems.edu.br\/?page_id=7860","title":{"rendered":"Portaria Normativa"},"content":{"rendered":"<div class=\"vce-row-container\" data-vce-boxed-width=\"true\"><div class=\"vce-row vce-row--col-gap-30 vce-row-equal-height vce-row-content--top\" id=\"el-f6183026\" data-vce-do-apply=\"all el-f6183026\"><div class=\"vce-row-content\" data-vce-element-content=\"true\"><div class=\"vce-col vce-col--md-auto vce-col--xs-1 vce-col--xs-last vce-col--xs-first vce-col--sm-last vce-col--sm-first vce-col--md-last vce-col--lg-last vce-col--xl-last vce-col--md-first vce-col--lg-first vce-col--xl-first\" id=\"el-73187e85\"><div class=\"vce-col-inner\" data-vce-do-apply=\"border margin background  el-73187e85\"><div class=\"vce-content-background-container\"><\/div><div class=\"vce-col-content\" data-vce-element-content=\"true\" data-vce-do-apply=\"padding el-73187e85\"><div class=\"vce vce-separator-container vce-separator--align-center vce-separator--style-solid\" id=\"el-63229a85\" data-vce-do-apply=\"margin el-63229a85\"><div class=\"vce-separator vce-separator--color-b-237-237-237 vce-separator--width-100 vce-separator--thickness-2\" data-vce-do-apply=\"border padding background  el-63229a85\"><\/div><\/div><\/div><\/div><\/div><\/div><\/div><\/div><div class=\"vce-row-container\" data-vce-boxed-width=\"true\"><div class=\"vce-row vce-element--has-background vce-row--col-gap-30 vce-row-equal-height vce-row-content--top\" id=\"el-4d6fb1e7\" data-vce-do-apply=\"all el-4d6fb1e7\"><div class=\"vce-content-background-container\"><\/div><div class=\"vce-row-content\" data-vce-element-content=\"true\"><div class=\"vce-col vce-col--md-auto vce-col--xs-1 vce-col--xs-last vce-col--xs-first vce-col--sm-last vce-col--sm-first vce-col--md-last vce-col--lg-last vce-col--xl-last vce-col--md-first vce-col--lg-first vce-col--xl-first\" id=\"el-f62ce11e\"><div class=\"vce-col-inner\" data-vce-do-apply=\"border margin background  el-f62ce11e\"><div class=\"vce-content-background-container\"><\/div><div class=\"vce-col-content\" data-vce-element-content=\"true\" data-vce-do-apply=\"padding el-f62ce11e\"><div class=\"vce-button--style-outline-icon-container vce\" id=\"el-caa7ce03\" data-vce-do-apply=\"margin el-caa7ce03\" style=\"--alignment: left; --borderColor: rgb(40, 116, 166); --color: rgb(40, 116, 166); --hoverBackground: rgb(40, 116, 166); --hoverColorAnimated: #fff;\"><a class=\"vce-button vce-button--style-outline-icon-animated vce-button--style-outline-icon--border-rounded\" href=\"https:\/\/aems.edu.br\/wp-content\/uploads\/2026\/03\/Ato-autorizativo-expedido-pelo-MEC-2.pdf\" title=\"\" target=\"_blank\" data-vce-do-apply=\"padding border background  el-caa7ce03\"><span class=\"vce-button--style-outline-icon-inner\"><span class=\"vce-button--style-outline-icon-text\">portaria-normativa<\/span><span class=\"vce-button--style-outline-icon-icon fas fa-file-signature\"><\/span><\/span><\/a><\/div><div class=\"vce-button--style-outline-icon-container vce\" id=\"el-969397c9\" data-vce-do-apply=\"margin el-969397c9\" style=\"--alignment: left; --borderColor: rgb(40, 116, 166); --color: rgb(40, 116, 166); --hoverBackground: rgb(40, 116, 166); --hoverColorAnimated: #fff;\"><a class=\"vce-button vce-button--style-outline-icon-animated vce-button--style-outline-icon--border-rounded\" href=\"https:\/\/aems.edu.br\/wp-content\/uploads\/2025\/02\/Descricao-da-infraestrutura-fisica.pdf\" title=\"\" target=\"_blank\" data-vce-do-apply=\"padding border background  el-969397c9\"><span class=\"vce-button--style-outline-icon-inner\"><span class=\"vce-button--style-outline-icon-text\">Descri\u00e7\u00e3o da infraestrutura f\u00edsica<\/span><span class=\"vce-button--style-outline-icon-icon fas fa-file-signature\"><\/span><\/span><\/a><\/div><div class=\"vce-button--style-outline-icon-container vce\" id=\"el-fe4b1076\" data-vce-do-apply=\"margin el-fe4b1076\" style=\"--alignment: left; --borderColor: rgb(40, 116, 166); --color: rgb(40, 116, 166); --hoverBackground: rgb(40, 116, 166); --hoverColorAnimated: #fff;\"><a class=\"vce-button vce-button--style-outline-icon-animated vce-button--style-outline-icon--border-rounded\" href=\"https:\/\/aems.edu.br\/wp-content\/uploads\/2025\/02\/Descricao-da-biblioteca-quanto-ao-seu-acervo-de-livros-e-periodicos-relacionada-a-area-do-curso-politica-de-atualizacao-e-informatizacao.pdf\" title=\"\" target=\"_blank\" data-vce-do-apply=\"padding border background  el-fe4b1076\"><span class=\"vce-button--style-outline-icon-inner\"><span class=\"vce-button--style-outline-icon-text\">Descri\u00e7\u00e3o da biblioteca<\/span><span class=\"vce-button--style-outline-icon-icon fas fa-file-signature\"><\/span><\/span><\/a><\/div><div class=\"vce-button--style-outline-icon-container vce\" id=\"el-96d7b8b9\" data-vce-do-apply=\"margin el-96d7b8b9\" style=\"--alignment: left; --borderColor: rgb(40, 116, 166); --color: rgb(40, 116, 166); --hoverBackground: rgb(40, 116, 166); --hoverColorAnimated: #fff;\"><a class=\"vce-button vce-button--style-outline-icon-animated vce-button--style-outline-icon--border-rounded\" href=\"https:\/\/aems.edu.br\/wp-content\/uploads\/2026\/03\/Resultados-obtidos-nas-ultimas-avaliacoes-realizadas-pelo-Ministerio-da-Educacao.pdf\" title=\"\" target=\"_blank\" data-vce-do-apply=\"padding border background  el-96d7b8b9\"><span class=\"vce-button--style-outline-icon-inner\"><span class=\"vce-button--style-outline-icon-text\">Resultados obtidos nas \u00faltimas avalia\u00e7\u00f5es<\/span><span class=\"vce-button--style-outline-icon-icon fas fa-file-signature\"><\/span><\/span><\/a><\/div><div class=\"vce-button--style-outline-icon-container vce\" id=\"el-174fce79\" data-vce-do-apply=\"margin el-174fce79\" style=\"--alignment: left; --borderColor: rgb(40, 116, 166); --color: rgb(40, 116, 166); --hoverBackground: rgb(40, 116, 166); --hoverColorAnimated: #fff;\"><button class=\"vce-button vce-button--style-outline-icon-animated vce-button--style-outline-icon--border-rounded\" data-vce-do-apply=\"padding border background  el-174fce79\"><span class=\"vce-button--style-outline-icon-inner\"><span class=\"vce-button--style-outline-icon-text\">Rela\u00e7\u00e3o dos professores que integram o corpo docente<\/span><span class=\"vce-button--style-outline-icon-icon fas fa-file-signature\"><\/span><\/span><\/button><\/div><div class=\"vce-button--style-outline-icon-container vce\" id=\"el-f63c07a2\" data-vce-do-apply=\"margin el-f63c07a2\" style=\"--alignment: left; --borderColor: rgb(40, 116, 166); --color: rgb(40, 116, 166); --hoverBackground: rgb(40, 116, 166); --hoverColorAnimated: #fff;\"><a class=\"vce-button vce-button--style-outline-icon-animated vce-button--style-outline-icon--border-rounded\" href=\"https:\/\/aems.edu.br\/wp-content\/uploads\/2026\/03\/Dirigentes-da-Instituicao-e-coordenador-de-curso-efetivamente-em-exercicio-1.pdf\" title=\"\" target=\"_blank\" data-vce-do-apply=\"padding border background  el-f63c07a2\"><span class=\"vce-button--style-outline-icon-inner\"><span class=\"vce-button--style-outline-icon-text\">Dirigentes da Institui\u00e7\u00e3o e coordenador de curso<\/span><span class=\"vce-button--style-outline-icon-icon fas fa-file-signature\"><\/span><\/span><\/a><\/div><div class=\"vce-button--style-outline-icon-container vce\" id=\"el-cc865626\" data-vce-do-apply=\"margin el-cc865626\" style=\"--alignment: left; --borderColor: rgb(40, 116, 166); --color: rgb(40, 116, 166); --hoverBackground: rgb(40, 116, 166); --hoverColorAnimated: #fff;\"><a class=\"vce-button vce-button--style-outline-icon-animated vce-button--style-outline-icon--border-rounded\" href=\"https:\/\/aems.edu.br\/wp-content\/uploads\/2025\/02\/Ato-autorizativo-expedido-pelo-MEC.pdf\" title=\"\" target=\"_blank\" data-vce-do-apply=\"padding border background  el-cc865626\"><span class=\"vce-button--style-outline-icon-inner\"><span class=\"vce-button--style-outline-icon-text\">Ato autorizativo expedido pelo MEC<\/span><span class=\"vce-button--style-outline-icon-icon fas fa-file-signature\"><\/span><\/span><\/a><\/div><div class=\"vce vce-separator-container vce-separator--align-center vce-separator--style-solid\" id=\"el-46b991a9\" data-vce-do-apply=\"margin el-46b991a9\"><div class=\"vce-separator vce-separator--color-bfc0c1 vce-separator--width-100 vce-separator--thickness-1\" data-vce-do-apply=\"border padding background  el-46b991a9\"><\/div><\/div><\/div><\/div><\/div><\/div><\/div><\/div><div class=\"vce-row-container\" data-vce-boxed-width=\"true\"><div class=\"vce-row vce-row--col-gap-30 vce-row-equal-height vce-row-content--top\" id=\"el-ef7f462f\" data-vce-do-apply=\"all el-ef7f462f\"><div class=\"vce-row-content\" data-vce-element-content=\"true\"><div class=\"vce-col vce-col--md-16-66p vce-col--xs-1 vce-col--xs-last vce-col--xs-first vce-col--sm-last vce-col--sm-first vce-col--md-last vce-col--lg-last vce-col--xl-last vce-col--md-first vce-col--lg-first vce-col--xl-first\" id=\"el-91481297\"><div class=\"vce-col-inner\" data-vce-do-apply=\"border margin background  el-91481297\"><div class=\"vce-col-content\" data-vce-element-content=\"true\" data-vce-do-apply=\"padding el-91481297\"><div class=\"vce-text-block\"><div class=\"vce-text-block-wrapper vce\" id=\"el-870e3b97\" data-vce-do-apply=\"all el-870e3b97\"><\/div><\/div><\/div><\/div><\/div><\/div><\/div><\/div>\n","protected":false},"excerpt":{"rendered":"<p>portaria-normativaDescri\u00e7\u00e3o da infraestrutura f\u00edsicaDescri\u00e7\u00e3o da bibliotecaResultados obtidos nas \u00faltimas avalia\u00e7\u00f5esRela\u00e7\u00e3o dos professores que integram o corpo docenteDirigentes da Institui\u00e7\u00e3o e coordenador de cursoAto autorizativo expedido pelo MEC<\/p>\n","protected":false},"author":7,"featured_media":0,"parent":0,"menu_order":0,"comment_status":"closed","ping_status":"closed","template":"","meta":{"footnotes":""},"categories":[],"tags":[],"class_list":["post-7860","page","type-page","status-publish","hentry"],"_links":{"self":[{"href":"https:\/\/aems.edu.br\/index.php?rest_route=\/wp\/v2\/pages\/7860","targetHints":{"allow":["GET"]}}],"collection":[{"href":"https:\/\/aems.edu.br\/index.php?rest_route=\/wp\/v2\/pages"}],"about":[{"href":"https:\/\/aems.edu.br\/index.php?rest_route=\/wp\/v2\/types\/page"}],"author":[{"embeddable":true,"href":"https:\/\/aems.edu.br\/index.php?rest_route=\/wp\/v2\/users\/7"}],"replies":[{"embeddable":true,"href":"https:\/\/aems.edu.br\/index.php?rest_route=%2Fwp%2Fv2%2Fcomments&post=7860"}],"version-history":[{"count":54,"href":"https:\/\/aems.edu.br\/index.php?rest_route=\/wp\/v2\/pages\/7860\/revisions"}],"predecessor-version":[{"id":10129,"href":"https:\/\/aems.edu.br\/index.php?rest_route=\/wp\/v2\/pages\/7860\/revisions\/10129"}],"wp:attachment":[{"href":"https:\/\/aems.edu.br\/index.php?rest_route=%2Fwp%2Fv2%2Fmedia&parent=7860"}],"wp:term":[{"taxonomy":"category","embeddable":true,"href":"https:\/\/aems.edu.br\/index.php?rest_route=%2Fwp%2Fv2%2Fcategories&post=7860"},{"taxonomy":"post_tag","embeddable":true,"href":"https:\/\/aems.edu.br\/index.php?rest_route=%2Fwp%2Fv2%2Ftags&post=7860"}],"curies":[{"name":"wp","href":"https:\/\/api.w.org\/{rel}","templated":true}]}}